{"id":18,"date":"2024-04-02T14:54:43","date_gmt":"2024-04-02T14:54:43","guid":{"rendered":"https:\/\/nikolastevanovicphotography.com\/?page_id=18"},"modified":"2024-09-11T21:03:36","modified_gmt":"2024-09-11T21:03:36","slug":"contact","status":"publish","type":"page","link":"https:\/\/nikolastevanovicphotography.com\/sr\/contact\/","title":{"rendered":"Kontakt"},"content":{"rendered":"<div class=\"wpb-content-wrapper\"><div class=\"vc_row wpb_row vc_row-fluid vc_row-69eb9f1c209d4\"><div class=\"wpb_column vc_column_container vc_col-sm-12 vc_row-69eb9f1c20b44\"><div class=\"vc_column-inner\"><div class=\"wpb_wrapper\">      <div class=\"heading-block heading-66afc6894c0ce tal h-h3 vc_custom_1722795723840\">\n                  <h3 class=\"h\"><span>Javite se pre nego \u0161to me medvedi prona\u0111u!<\/span><\/h3>\n              <\/div>\n    \n\t<div class=\"wpb_text_column wpb_content_element vc_custom_1724599496518\" >\n\t\t<div class=\"wpb_wrapper\">\n\t\t\t<p><span style=\"font-size: 18px;\">Bilo da \u017eelite da sara\u0111ujete na projektu, raspitujete se o printovima ili samo \u017eelite da razgovarate o lepoti divljih \u017eivotinja, voleo bih da \u010dujem va\u0161e mi\u0161ljenje! Slobodno se obratite sa svim pitanjima ili predlozima koje imate. Va\u0161a poruka je va\u017ena i radujem se prilici da se pove\u017eem sa kolegama i ljubiteljima prirode.<\/span><\/p>\n\n\t\t<\/div>\n\t<\/div>\n\n<div class=\"wpcf7 no-js\" id=\"wpcf7-f3663-o1\" lang=\"en-US\" dir=\"ltr\">\n<div class=\"screen-reader-response\"><p role=\"status\" aria-live=\"polite\" aria-atomic=\"true\"><\/p> <ul><\/ul><\/div>\n<form action=\"\/sr\/wp-json\/wp\/v2\/pages\/18#wpcf7-f3663-o1\" method=\"post\" class=\"wpcf7-form init\" aria-label=\"Contact form\" novalidate=\"novalidate\" data-status=\"init\" data-trp-original-action=\"\/sr\/wp-json\/wp\/v2\/pages\/18#wpcf7-f3663-o1\">\n<div style=\"display: none;\">\n<input type=\"hidden\" name=\"_wpcf7\" value=\"3663\" \/>\n<input type=\"hidden\" name=\"_wpcf7_version\" value=\"5.9.6\" \/>\n<input type=\"hidden\" name=\"_wpcf7_locale\" value=\"en_US\" \/>\n<input type=\"hidden\" name=\"_wpcf7_unit_tag\" value=\"wpcf7-f3663-o1\" \/>\n<input type=\"hidden\" name=\"_wpcf7_container_post\" value=\"0\" \/>\n<input type=\"hidden\" name=\"_wpcf7_posted_data_hash\" value=\"\" \/>\n<\/div>\n<div>\n<label> Ime\n    <span class=\"wpcf7-form-control-wrap\" data-name=\"your-name\"><input size=\"40\" maxlength=\"80\" class=\"wpcf7-form-control wpcf7-text wpcf7-validates-as-required\" autocomplete=\"name\" aria-required=\"true\" aria-invalid=\"false\" value=\"\" type=\"text\" name=\"your-name\" \/><\/span> <\/label>\n\n<label> Email\n    <span class=\"wpcf7-form-control-wrap\" data-name=\"your-email\"><input size=\"40\" maxlength=\"80\" class=\"wpcf7-form-control wpcf7-email wpcf7-validates-as-required wpcf7-text wpcf7-validates-as-email\" autocomplete=\"email\" aria-required=\"true\" aria-invalid=\"false\" value=\"\" type=\"email\" name=\"your-email\" \/><\/span> <\/label>\n\n<label> Poruka\n    <span class=\"wpcf7-form-control-wrap\" data-name=\"your-message\"><textarea cols=\"40\" rows=\"10\" maxlength=\"1000\" class=\"wpcf7-form-control wpcf7-textarea\" aria-invalid=\"false\" name=\"your-message\"><\/textarea><\/span> <\/label>\n\n<input class=\"wpcf7-form-control wpcf7-submit has-spinner\" type=\"submit\" value=\"Po\u0161alji\" \/>\n<\/div><div class=\"wpcf7-response-output\" aria-hidden=\"true\"><\/div>\n<input type=\"hidden\" name=\"trp-form-language\" value=\"sr\"\/><\/form>\n<\/div>\n<\/div><\/div><\/div><\/div><div class=\"vc_row wpb_row vc_row-fluid vc_row-69eb9f1c222f6\"><div class=\"wpb_column vc_column_container vc_col-sm-12 vc_row-69eb9f1c22392\"><div class=\"vc_column-inner\"><div class=\"wpb_wrapper\"><\/div><\/div><\/div><\/div>\n<\/div>","protected":false},"excerpt":{"rendered":"Reach Out Before the Bears Do! Whether you're looking to collaborate on a project, inquire about prints, or just want to chat about the beauty of wildlife, I\u2019d love to hear from you! Feel free to reach out with any questions or thoughts you may have. Your message is important, and I\u2019m excited to connect [...]","protected":false},"author":1,"featured_media":0,"parent":0,"menu_order":-1,"comment_status":"closed","ping_status":"closed","template":"","meta":{"_acf_changed":false,"footnotes":""},"class_list":["post-18","page","type-page","status-publish","hentry"],"acf":[],"yoast_head":"<!-- This site is optimized with the Yoast SEO plugin v23.0 - https:\/\/yoast.com\/wordpress\/plugins\/seo\/ -->\n<title>Contact - Nikola Stevanovic Wildlife Photography<\/title>\n<meta name=\"description\" content=\"Wildlife photographer based in Serbia. Browse the wildlife photography galleries and read the stories of the wild on my blog.\" \/>\n<meta name=\"robots\" content=\"index, follow, max-snippet:-1, max-image-preview:large, max-video-preview:-1\" \/>\n<link rel=\"canonical\" href=\"https:\/\/nikolastevanovicphotography.com\/sr\/contact\/\" \/>\n<meta property=\"og:locale\" content=\"sr_RS\" \/>\n<meta property=\"og:type\" content=\"article\" \/>\n<meta property=\"og:title\" content=\"Contact - Nikola Stevanovic Wildlife Photography\" \/>\n<meta property=\"og:description\" content=\"Wildlife photographer based in Serbia. Browse the wildlife photography galleries and read the stories of the wild on my blog.\" \/>\n<meta property=\"og:url\" content=\"https:\/\/nikolastevanovicphotography.com\/sr\/contact\/\" \/>\n<meta property=\"og:site_name\" content=\"Nikola Stevanovic Wildlife Photography\" \/>\n<meta property=\"article:modified_time\" content=\"2024-09-11T21:03:36+00:00\" \/>\n<meta name=\"twitter:card\" content=\"summary_large_image\" \/>\n<meta name=\"twitter:label1\" content=\"\u041f\u0440\u043e\u0446\u0435\u045a\u0435\u043d\u043e \u0432\u0440\u0435\u043c\u0435 \u0447\u0438\u0442\u0430\u045a\u0430\" \/>\n\t<meta name=\"twitter:data1\" content=\"1 \u043c\u0438\u043d\u0443\u0442\" \/>\n<script type=\"application\/ld+json\" class=\"yoast-schema-graph\">{\"@context\":\"https:\/\/schema.org\",\"@graph\":[{\"@type\":\"WebPage\",\"@id\":\"https:\/\/nikolastevanovicphotography.com\/contact\/\",\"url\":\"https:\/\/nikolastevanovicphotography.com\/contact\/\",\"name\":\"Contact - Nikola Stevanovic Wildlife Photography\",\"isPartOf\":{\"@id\":\"https:\/\/nikolastevanovicphotography.com\/#website\"},\"datePublished\":\"2024-04-02T14:54:43+00:00\",\"dateModified\":\"2024-09-11T21:03:36+00:00\",\"description\":\"Wildlife photographer based in Serbia. Browse the wildlife photography galleries and read the stories of the wild on my blog.\",\"inLanguage\":\"sr-RS\",\"potentialAction\":[{\"@type\":\"ReadAction\",\"target\":[\"https:\/\/nikolastevanovicphotography.com\/contact\/\"]}]},{\"@type\":\"WebSite\",\"@id\":\"https:\/\/nikolastevanovicphotography.com\/#website\",\"url\":\"https:\/\/nikolastevanovicphotography.com\/\",\"name\":\"Nikola Stevanovic Photography\",\"description\":\"Wildlife photographer based in Serbia. Browse the wildlife photography galleries and read the stories of the wild on my blog.\",\"publisher\":{\"@id\":\"https:\/\/nikolastevanovicphotography.com\/#\/schema\/person\/bb8dbcf16df6895b3052ad226e2c36ae\"},\"potentialAction\":[{\"@type\":\"SearchAction\",\"target\":{\"@type\":\"EntryPoint\",\"urlTemplate\":\"https:\/\/nikolastevanovicphotography.com\/?s={search_term_string}\"},\"query-input\":\"required name=search_term_string\"}],\"inLanguage\":\"sr-RS\"},{\"@type\":[\"Person\",\"Organization\"],\"@id\":\"https:\/\/nikolastevanovicphotography.com\/#\/schema\/person\/bb8dbcf16df6895b3052ad226e2c36ae\",\"name\":\"admin\",\"image\":{\"@type\":\"ImageObject\",\"inLanguage\":\"sr-RS\",\"@id\":\"https:\/\/nikolastevanovicphotography.com\/#\/schema\/person\/image\/\",\"url\":\"https:\/\/nikolastevanovicphotography.com\/wp-content\/uploads\/2024\/04\/nikolastevanovic-logo.png\",\"contentUrl\":\"https:\/\/nikolastevanovicphotography.com\/wp-content\/uploads\/2024\/04\/nikolastevanovic-logo.png\",\"width\":512,\"height\":512,\"caption\":\"admin\"},\"logo\":{\"@id\":\"https:\/\/nikolastevanovicphotography.com\/#\/schema\/person\/image\/\"},\"sameAs\":[\"https:\/\/nikolastevanovicphotography.com\/\"]}]}<\/script>\n<!-- \/ Yoast SEO plugin. -->","yoast_head_json":{"title":"Contact - Nikola Stevanovic Wildlife Photography","description":"Wildlife photographer based in Serbia. Browse the wildlife photography galleries and read the stories of the wild on my blog.","robots":{"index":"index","follow":"follow","max-snippet":"max-snippet:-1","max-image-preview":"max-image-preview:large","max-video-preview":"max-video-preview:-1"},"canonical":"https:\/\/nikolastevanovicphotography.com\/sr\/contact\/","og_locale":"sr_RS","og_type":"article","og_title":"Contact - Nikola Stevanovic Wildlife Photography","og_description":"Wildlife photographer based in Serbia. Browse the wildlife photography galleries and read the stories of the wild on my blog.","og_url":"https:\/\/nikolastevanovicphotography.com\/sr\/contact\/","og_site_name":"Nikola Stevanovic Wildlife Photography","article_modified_time":"2024-09-11T21:03:36+00:00","twitter_card":"summary_large_image","twitter_misc":{"\u041f\u0440\u043e\u0446\u0435\u045a\u0435\u043d\u043e \u0432\u0440\u0435\u043c\u0435 \u0447\u0438\u0442\u0430\u045a\u0430":"1 \u043c\u0438\u043d\u0443\u0442"},"schema":{"@context":"https:\/\/schema.org","@graph":[{"@type":"WebPage","@id":"https:\/\/nikolastevanovicphotography.com\/contact\/","url":"https:\/\/nikolastevanovicphotography.com\/contact\/","name":"Contact - Nikola Stevanovic Wildlife Photography","isPartOf":{"@id":"https:\/\/nikolastevanovicphotography.com\/#website"},"datePublished":"2024-04-02T14:54:43+00:00","dateModified":"2024-09-11T21:03:36+00:00","description":"Wildlife photographer based in Serbia. Browse the wildlife photography galleries and read the stories of the wild on my blog.","inLanguage":"sr-RS","potentialAction":[{"@type":"ReadAction","target":["https:\/\/nikolastevanovicphotography.com\/contact\/"]}]},{"@type":"WebSite","@id":"https:\/\/nikolastevanovicphotography.com\/#website","url":"https:\/\/nikolastevanovicphotography.com\/","name":"Nikola Stevanovic Photography","description":"Wildlife photographer based in Serbia. Browse the wildlife photography galleries and read the stories of the wild on my blog.","publisher":{"@id":"https:\/\/nikolastevanovicphotography.com\/#\/schema\/person\/bb8dbcf16df6895b3052ad226e2c36ae"},"potentialAction":[{"@type":"SearchAction","target":{"@type":"EntryPoint","urlTemplate":"https:\/\/nikolastevanovicphotography.com\/?s={search_term_string}"},"query-input":"required name=search_term_string"}],"inLanguage":"sr-RS"},{"@type":["Person","Organization"],"@id":"https:\/\/nikolastevanovicphotography.com\/#\/schema\/person\/bb8dbcf16df6895b3052ad226e2c36ae","name":"admin","image":{"@type":"ImageObject","inLanguage":"sr-RS","@id":"https:\/\/nikolastevanovicphotography.com\/#\/schema\/person\/image\/","url":"https:\/\/nikolastevanovicphotography.com\/wp-content\/uploads\/2024\/04\/nikolastevanovic-logo.png","contentUrl":"https:\/\/nikolastevanovicphotography.com\/wp-content\/uploads\/2024\/04\/nikolastevanovic-logo.png","width":512,"height":512,"caption":"admin"},"logo":{"@id":"https:\/\/nikolastevanovicphotography.com\/#\/schema\/person\/image\/"},"sameAs":["https:\/\/nikolastevanovicphotography.com\/"]}]}},"_links":{"self":[{"href":"https:\/\/nikolastevanovicphotography.com\/sr\/wp-json\/wp\/v2\/pages\/18","targetHints":{"allow":["GET"]}}],"collection":[{"href":"https:\/\/nikolastevanovicphotography.com\/sr\/wp-json\/wp\/v2\/pages"}],"about":[{"href":"https:\/\/nikolastevanovicphotography.com\/sr\/wp-json\/wp\/v2\/types\/page"}],"author":[{"embeddable":true,"href":"https:\/\/nikolastevanovicphotography.com\/sr\/wp-json\/wp\/v2\/users\/1"}],"replies":[{"embeddable":true,"href":"https:\/\/nikolastevanovicphotography.com\/sr\/wp-json\/wp\/v2\/comments?post=18"}],"version-history":[{"count":14,"href":"https:\/\/nikolastevanovicphotography.com\/sr\/wp-json\/wp\/v2\/pages\/18\/revisions"}],"predecessor-version":[{"id":3770,"href":"https:\/\/nikolastevanovicphotography.com\/sr\/wp-json\/wp\/v2\/pages\/18\/revisions\/3770"}],"wp:attachment":[{"href":"https:\/\/nikolastevanovicphotography.com\/sr\/wp-json\/wp\/v2\/media?parent=18"}],"curies":[{"name":"wp","href":"https:\/\/api.w.org\/{rel}","templated":true}]}}