{"id":380,"date":"2017-09-08T12:46:12","date_gmt":"2017-09-08T12:46:12","guid":{"rendered":"https:\/\/promo-theme.com\/novo\/dark\/?page_id=380"},"modified":"2026-01-19T00:04:29","modified_gmt":"2026-01-18T23:04:29","slug":"wildlife-photograper","status":"publish","type":"page","link":"https:\/\/nikolastevanovicphotography.com\/sr\/","title":{"rendered":"Po\u010detna"},"content":{"rendered":"<div class=\"wpb-content-wrapper\"><div data-vc-full-width=\"true\" data-vc-full-width-init=\"false\" data-vc-stretch-content=\"true\" class=\"vc_row wpb_row vc_row-fluid vc_custom_1765036650507 vc_row-66fdadc384e3d vc_row-no-padding\"><div class=\"main-column-padding-fix wpb_column vc_column_container vc_col-sm-12 vc_row-69344f9fd5429\"><div class=\"vc_column-inner vc_custom_1765038222352\"><div class=\"wpb_wrapper\"><div class=\"banner-area banner-area-5d63ae4f0bb6e banner-color-inherit with-circle-nav\" data-settings=\"{&quot;loop&quot;:true,&quot;speed&quot;:500,&quot;autoplay&quot;:{&quot;delay&quot;:5000,&quot;disableOnInteraction&quot;:false,&quot;pauseOnMouseEnter&quot;:false},&quot;arrows&quot;:true,&quot;dots&quot;:true,&quot;dots_position&quot;:&quot;bottom&quot;,&quot;animation&quot;:&quot;&quot;}\"><div class=\"banner-social-buttons\"><div class=\"links\"><a href=\"https:\/\/www.instagram.com\/nikola_wilderness_photographer?igsh=bWl4NndteG5iOWQz\" class=\"item\" target=\"_blank\"\"><i class=\"fab fa-instagram\"><\/i><span>Instagramu<\/span><\/a><a href=\"https:\/\/x.com\/staroplaninac\" class=\"item\" target=\"_blank\"\"><i class=\"fab fa-x-twitter\"><\/i><span>Twitter<\/span><\/a><\/div><\/div><div class=\"banner banner-5d63ae4f0bb6e  arrows-right-bottom pagination-bottom\" style=\" --transition-speed: 2500ms;\"><div class=\"swiper\"><div class=\"swiper-wrapper\"><div class=\"item swiper-slide banner-item-67d886c1b97fc tal\">\n      <div class=\"bg-image\" style=\"background-image: url(https:\/\/nikolastevanovicphotography.com\/wp-content\/uploads\/2026\/01\/Lion-banner-horizontal.jpeg)\"><\/div>\n      \n      \n      <div class=\"container\">\n        <div class=\"cell bottom\">\n          \n          \n          \n          \n        <\/div>\n      <\/div>\n    <\/div><div class=\"item swiper-slide banner-item-5d63c3baa3e57 tal with-shadow white\">\n      <div class=\"bg-image\" style=\"background-image: url(https:\/\/nikolastevanovicphotography.com\/wp-content\/uploads\/2024\/12\/BannerLionOloimina.jpeg)\"><\/div>\n      \n      \n      <div class=\"container\">\n        <div class=\"cell bottom\">\n          \n          \n          \n          \n        <\/div>\n      <\/div>\n    <\/div><div class=\"item swiper-slide banner-item-5d63c3a5d9fdc tal with-shadow white\">\n      <div class=\"bg-image\" style=\"background-image: url(https:\/\/nikolastevanovicphotography.com\/wp-content\/uploads\/2024\/07\/BannerBear.jpeg)\"><\/div>\n      \n      \n      <div class=\"container\">\n        <div class=\"cell bottom\">\n          \n          \n          \n          \n        <\/div>\n      <\/div>\n    <\/div><div class=\"item swiper-slide banner-item-5d70f6e85521c tal with-shadow white\">\n      <div class=\"bg-image\" style=\"background-image: url(https:\/\/nikolastevanovicphotography.com\/wp-content\/uploads\/2024\/08\/BannerKingfisher2.jpg)\"><\/div>\n      \n      \n      <div class=\"container\">\n        <div class=\"cell bottom\">\n          \n          \n          \n          \n        <\/div>\n      <\/div>\n    <\/div><div class=\"item swiper-slide banner-item-5d63c3aa65dcb tal with-shadow white\">\n      <div class=\"bg-image\" style=\"background-image: url(https:\/\/nikolastevanovicphotography.com\/wp-content\/uploads\/2024\/08\/BannerTekunica.jpg)\"><\/div>\n      \n      \n      <div class=\"container\">\n        <div class=\"cell bottom\">\n          \n          \n          \n          \n        <\/div>\n      <\/div>\n    <\/div><div class=\"item swiper-slide banner-item-5d63c3b0f0ab7 tal with-shadow white\">\n      <div class=\"bg-image\" style=\"background-image: url(https:\/\/nikolastevanovicphotography.com\/wp-content\/uploads\/2024\/08\/BannerRabbit2.jpeg)\"><\/div>\n      \n      \n      <div class=\"container\">\n        <div class=\"cell bottom\">\n          \n          \n          \n          \n        <\/div>\n      <\/div>\n    <\/div><\/div><\/div><div class=\"owl-nav\"><div class=\"owl-prev basic-ui-icon-left-arrow\"><\/div><div class=\"owl-next basic-ui-icon-right-arrow\"><\/div><\/div><div class=\"banner-circle-nav container\"><\/div><\/div><\/div><\/div><\/div><\/div><\/div><div class=\"vc_row-full-width vc_clearfix\"><\/div><div data-vc-full-width=\"true\" data-vc-full-width-init=\"false\" class=\"vc_row wpb_row vc_row-fluid vc_custom_1624351147241 vc_row-5d64ed679b3ba vc_row-has-fill vc_row-o-equal-height vc_row-o-content-middle vc_row-flex\"><div class=\"wpb_column vc_column_container vc_col-sm-6 vc_row-5d64c90a1a796\"><div class=\"vc_column-inner\"><div class=\"wpb_wrapper\">    <div class=\"side-img side-img-5d64c9de9791b style-circle align-left\">\n      <div style=\"background-image: url(https:\/\/nikolastevanovicphotography.com\/wp-content\/uploads\/2024\/12\/IMG_1469.jpeg);\"><\/div>\n    <\/div>\n    <\/div><\/div><\/div><div class=\"wpb_column vc_column_container vc_col-sm-6 vc_row-5d64c9001f373\"><div class=\"vc_column-inner\"><div class=\"wpb_wrapper\">      <div class=\"heading-block heading-5d64ce0964b1d tal h-h2 with-line vc_custom_1720981072091\">\n                  <div class=\"sub-h\">o autoru<\/div>\n                  <h2 class=\"h\">Zovem se Nikola Stevanovi\u0107.<br \/>\nJa sam <span>Wildlife fotograf.<\/span><\/h2>\n              <\/div>\n    \n\t<div class=\"wpb_text_column wpb_content_element vc_custom_1726076976611\" >\n\t\t<div class=\"wpb_wrapper\">\n\t\t\t<p style=\"margin: 0in; margin-bottom: .0001pt;\"><span style=\"font-family: arial, helvetica, sans-serif; font-size: 18px;\">Ro\u0111en sa stra\u0161c\u0301u prema prirodi i divljini, otisnuo sam se na putovanje koje je oblikovalo moju karijeru. Kao mlad fotograf, odlu\u010dio sam da se posvetim fotografiji divljih \u017eivotinja \u017eele\u0107i da zabele\u017eim i ovekove\u010dim njihovu lepotu na jedinstven na\u010din.<\/span><\/p>\n\n\t\t<\/div>\n\t<\/div>\n      <div class=\"button-container button-5d64d9614c63f left vc_custom_1724599036500\">\n        <a class=\"button-style2\" href=\"https:\/\/nikolastevanovicphotography.com\/sr\/about-me\/\" target=\"_self\">\n          <span>Saznaj vi\u0161e<\/span>\n        <\/a>\n      <\/div>\n    <\/div><\/div><\/div><\/div><div class=\"vc_row-full-width vc_clearfix\"><\/div><div class=\"vc_row wpb_row vc_row-fluid wpb_animate_when_almost_visible wpb_bottom-to-top bottom-to-top vc_custom_1724599932918 vc_row-5d650688bd861\"><div class=\"wpb_animate_when_almost_visible wpb_fadeIn fadeIn wpb_column vc_column_container vc_col-sm-12 vc_row-69d96f1365325\"><div class=\"vc_column-inner\"><div class=\"wpb_wrapper\">      <div class=\"heading-block heading-5d64ecadae9e7 tac h-h3 with-line\">\n                  <h3 class=\"h\">Zakora\u010dite u neukro\u0107eni svet <span>divljih \u017eivotinja<\/span><\/h3>\n              <\/div>\n    \n\t<div class=\"wpb_text_column wpb_content_element\" >\n\t\t<div class=\"wpb_wrapper\">\n\t\t\t<p style=\"text-align: center;\"><span style=\"font-size: 18px;\">Upustite se u avanturu kroz divljinu, gde svaka fotografija pri\u010da neku novu pri\u010du o prirodi. <\/span><br \/>\n<span style=\"font-size: 18px;\">Pogledajte moju galeriju  i do\u017eivite lepotu divljih \u017eivotinja.<\/span><\/p>\n\n\t\t<\/div>\n\t<\/div>\n<\/div><\/div><\/div><\/div><div data-vc-full-width=\"true\" data-vc-full-width-init=\"false\" data-vc-stretch-content=\"true\" class=\"vc_row wpb_row vc_row-fluid vc_custom_1724535318450 vc_row-66ca4ee46bcb9\"><div class=\"wpb_column vc_column_container vc_col-sm-12 vc_row-69d96f1365525\"><div class=\"vc_column-inner\"><div class=\"wpb_wrapper\"><div class=\"photo-carousel photo-carousel-66ca48136c476\"><a href=\"https:\/\/nikolastevanovicphotography.com\/sr\/wildlife\/\" class=\"button-style1\" target=\"_self\"><i class=\"\"><\/i><span>Galerija<\/span><\/a><div class=\"carousel\"><div class=\"item\" style=\"background-image: url(https:\/\/nikolastevanovicphotography.com\/wp-content\/uploads\/2026\/01\/IMG_4549-837x1024.jpeg);\"><\/div><div class=\"item\" style=\"background-image: url(https:\/\/nikolastevanovicphotography.com\/wp-content\/uploads\/2026\/01\/Lion-banner-horizontal-1024x683.jpeg);\"><\/div><div class=\"item\" style=\"background-image: url(https:\/\/nikolastevanovicphotography.com\/wp-content\/uploads\/2026\/01\/IMG_9732-1024x683.jpeg);\"><\/div><div class=\"item\" style=\"background-image: url(https:\/\/nikolastevanovicphotography.com\/wp-content\/uploads\/2025\/02\/IMG_3968-819x1024.jpeg);\"><\/div><div class=\"item\" style=\"background-image: url(https:\/\/nikolastevanovicphotography.com\/wp-content\/uploads\/2024\/12\/BannerLionOloimina-1024x553.jpeg);\"><\/div><div class=\"item\" style=\"background-image: url(https:\/\/nikolastevanovicphotography.com\/wp-content\/uploads\/2024\/12\/IMG_1358-1024x820.jpeg);\"><\/div><div class=\"item\" style=\"background-image: url(https:\/\/nikolastevanovicphotography.com\/wp-content\/uploads\/2024\/12\/IMG_1350-819x1024.jpeg);\"><\/div><div class=\"item\" style=\"background-image: url(https:\/\/nikolastevanovicphotography.com\/wp-content\/uploads\/2024\/09\/IMG_8611-836x1024.jpeg);\"><\/div><div class=\"item\" style=\"background-image: url(https:\/\/nikolastevanovicphotography.com\/wp-content\/uploads\/2024\/09\/IMG_8612-834x1024.jpeg);\"><\/div><div class=\"item\" style=\"background-image: url(https:\/\/nikolastevanovicphotography.com\/wp-content\/uploads\/2024\/10\/IMG_9085-1024x819.jpeg);\"><\/div><div class=\"item\" style=\"background-image: url(https:\/\/nikolastevanovicphotography.com\/wp-content\/uploads\/2024\/09\/IMG_8410-820x1024.jpeg);\"><\/div><div class=\"item\" style=\"background-image: url(https:\/\/nikolastevanovicphotography.com\/wp-content\/uploads\/2024\/07\/IMG_6697-819x1024.jpeg);\"><\/div><div class=\"item\" style=\"background-image: url(https:\/\/nikolastevanovicphotography.com\/wp-content\/uploads\/2024\/07\/IMG_6699-1024x719.jpeg);\"><\/div><div class=\"item\" style=\"background-image: url(https:\/\/nikolastevanovicphotography.com\/wp-content\/uploads\/2024\/07\/BannerFox-1024x552.jpeg);\"><\/div><div class=\"item\" style=\"background-image: url(https:\/\/nikolastevanovicphotography.com\/wp-content\/uploads\/2024\/07\/IMG_6628-1024x819.jpeg);\"><\/div><div class=\"item\" style=\"background-image: url(https:\/\/nikolastevanovicphotography.com\/wp-content\/uploads\/2024\/09\/IMG_8421-1024x738.jpeg);\"><\/div><div class=\"item\" style=\"background-image: url(https:\/\/nikolastevanovicphotography.com\/wp-content\/uploads\/2024\/12\/IMG_1357-1024x797.jpeg);\"><\/div><\/div><\/div><\/div><\/div><\/div><\/div><div class=\"vc_row-full-width vc_clearfix\"><\/div><div class=\"vc_row wpb_row vc_row-fluid vc_custom_1726090007622 vc_row-66e1e65f5c218\"><div class=\"wpb_column vc_column_container vc_col-sm-12 vc_row-69d96f1366dbc\"><div class=\"vc_column-inner\"><div class=\"wpb_wrapper\">      <div class=\"heading-block heading-5d64ecadae9e7 tac h-h3 with-line\">\n                  <h3 class=\"h\"><span>Pri\u010de iz divljine<\/span><\/h3>\n              <\/div>\n    \n\t<div class=\"wpb_text_column wpb_content_element\" >\n\t\t<div class=\"wpb_wrapper\">\n\t\t\t<p style=\"text-align: center;\"><span style=\"font-size: 18px;\">Zavirite iza kamere u divljinu. <\/span><br \/>\n<span style=\"font-size: 18px;\">Na mom blogu mo\u017eete na\u0107i savete, recenzije opreme i zadivljujuc\u0301e pri\u010de sa foto avantura iz celog sveta.<\/span><\/p>\n\n\t\t<\/div>\n\t<\/div>\n<div class=\"blog-block\"><div class=\"blog-items load-wrap row blog-type-horizontal blog-69d96f1366f61\"><article class=\"blog-item  category-3 with-image col-12\"><div class=\"wrap\"><div class=\"img\" data-original=\"https:\/\/nikolastevanovicphotography.com\/wp-content\/uploads\/2026\/01\/IMG_4542-1024x733.jpeg\"><a href=\"https:\/\/nikolastevanovicphotography.com\/sr\/blog\/gorillas-from-bwindi-forest\/\" style=\"background-image: url(https:\/\/nikolastevanovicphotography.com\/wp-content\/uploads\/2026\/01\/IMG_4542-1024x733.jpeg);\"><\/a><\/div><div class=\"content\"><h5><a href=\"https:\/\/nikolastevanovicphotography.com\/sr\/blog\/gorillas-from-bwindi-forest\/\">Gorile iz Bwindi \u0161ume<\/a><\/h5><p>Put do planinskih gorila vodi kroz gustu \u0161umu Bwindi, kroz ti\u0161inu, strpljenje i granice sopstvene izdr\u017eljivosti. Ovo nije obi\u010dna pri\u010da o fotografiji, ve\u0107 susret koji menja na\u010din na koji posmatramo prirodu i nas same.<\/p><a href=\"https:\/\/nikolastevanovicphotography.com\/sr\/blog\/gorillas-from-bwindi-forest\/\" class=\"button-style2\">Read More<\/a><\/div><\/div><\/article><article class=\"blog-item  category-3 with-image col-12\"><div class=\"wrap\"><div class=\"img\" data-original=\"https:\/\/nikolastevanovicphotography.com\/wp-content\/uploads\/2024\/11\/IMG_1108-1024x758.jpeg\"><a href=\"https:\/\/nikolastevanovicphotography.com\/sr\/blog\/masai-mara-national-park-unforgettable-trip-to-africa\/\" style=\"background-image: url(https:\/\/nikolastevanovicphotography.com\/wp-content\/uploads\/2024\/11\/IMG_1108-1024x758.jpeg);\"><\/a><\/div><div class=\"content\"><h5><a href=\"https:\/\/nikolastevanovicphotography.com\/sr\/blog\/masai-mara-national-park-unforgettable-trip-to-africa\/\">Nacionalni Park Masai Mara: Nezaboravno putovanje u Afriku<\/a><\/h5><p>Ne postoji ni\u0161ta sli\u010dno uzbu\u0111enju prvog safarija, a Masai Mara pru\u017ea iskustvo kao niko drugi. Od trenutka kada sam stigao, ogromne zlatne ravnice prepune divljih \u017eivotinja ostavile su me u \u010dudu. Naoru\u017ean kamerom, krenuo sam da uhvatim neukroc\u0301enu lepotu najpoznatijih afri\u010dkih stvorenja \u2014 veli\u010danstvenih lavova, visokih \u017eirafa i gracioznih geparda u akciji. Svaki izlazak sunca donosio je nova iznena\u0111enja, a svaki zalazak sunca oslikavao je savanu zlatnim nijansama. Ovo putovanje nije bilo samo o fotografiji; Bilo je to do\u017eivljaj surove, nefiltrirane \u010darolije divljine<\/p><a href=\"https:\/\/nikolastevanovicphotography.com\/sr\/blog\/masai-mara-national-park-unforgettable-trip-to-africa\/\" class=\"button-style2\">Read More<\/a><\/div><\/div><\/article><\/div><\/div>      <div class=\"button-container button-66e1e9078b2d5 center vc_custom_1726082836094\">\n        <a class=\"button-style1 fill\" href=\"https:\/\/nikolastevanovicphotography.com\/sr\/blog\/\" target=\"_self\">\n          <span>Vidi vi\u0161e<\/span>\n        <\/a>\n      <\/div>\n    <div class=\"vc_empty_space\"   style=\"height: 30px\"><span class=\"vc_empty_space_inner\"><\/span><\/div><\/div><\/div><\/div><\/div>\n<\/div>","protected":false},"excerpt":{"rendered":"When I decided to focus my first trip to Africa on the Maasai Mara National Park, I could not have imagined how profound influence would that experience have on my relationship with nature and wildlife. This park, located in southwestern Kenya, is known for its spectacular wilderness and abundance of wildlife, and I was ready [...]","protected":false},"author":1,"featured_media":3527,"parent":0,"menu_order":-3,"comment_status":"closed","ping_status":"closed","template":"template-landing.php","meta":{"_acf_changed":false,"footnotes":""},"class_list":["post-380","page","type-page","status-publish","has-post-thumbnail","hentry"],"acf":[],"yoast_head":"<!-- This site is optimized with the Yoast SEO plugin v23.0 - https:\/\/yoast.com\/wordpress\/plugins\/seo\/ -->\n<title>Nikola Stevanovic Wildlife Photography<\/title>\n<meta name=\"description\" content=\"Wildlife photographer based in Serbia. Browse the wildlife photography galleries and read the stories of the wild on my blog.\" \/>\n<meta name=\"robots\" content=\"index, follow, max-snippet:-1, max-image-preview:large, max-video-preview:-1\" \/>\n<link rel=\"canonical\" href=\"https:\/\/nikolastevanovicphotography.com\/sr\/\" \/>\n<meta property=\"og:locale\" content=\"sr_RS\" \/>\n<meta property=\"og:type\" content=\"article\" \/>\n<meta property=\"og:title\" content=\"Nikola Stevanovic Wildlife Photography\" \/>\n<meta property=\"og:description\" content=\"Wildlife photographer based in Serbia. Browse the wildlife photography galleries and read the stories of the wild on my blog.\" \/>\n<meta property=\"og:url\" content=\"https:\/\/nikolastevanovicphotography.com\/sr\/\" \/>\n<meta property=\"og:site_name\" content=\"Nikola Stevanovic Wildlife Photography\" \/>\n<meta property=\"article:modified_time\" content=\"2026-01-18T23:04:29+00:00\" \/>\n<meta property=\"og:image\" content=\"https:\/\/nikolastevanovicphotography.com\/wp-content\/uploads\/2024\/07\/IMG_6618.jpeg\" \/>\n\t<meta property=\"og:image:width\" content=\"2048\" \/>\n\t<meta property=\"og:image:height\" content=\"1365\" \/>\n\t<meta property=\"og:image:type\" content=\"image\/jpeg\" \/>\n<meta name=\"twitter:card\" content=\"summary_large_image\" \/>\n<meta name=\"twitter:label1\" content=\"\u041f\u0440\u043e\u0446\u0435\u045a\u0435\u043d\u043e \u0432\u0440\u0435\u043c\u0435 \u0447\u0438\u0442\u0430\u045a\u0430\" \/>\n\t<meta name=\"twitter:data1\" content=\"2 \u043c\u0438\u043d\u0443\u0442\u0430\" \/>\n<script type=\"application\/ld+json\" class=\"yoast-schema-graph\">{\"@context\":\"https:\/\/schema.org\",\"@graph\":[{\"@type\":\"WebPage\",\"@id\":\"https:\/\/nikolastevanovicphotography.com\/\",\"url\":\"https:\/\/nikolastevanovicphotography.com\/\",\"name\":\"Nikola Stevanovic Wildlife Photography\",\"isPartOf\":{\"@id\":\"https:\/\/nikolastevanovicphotography.com\/#website\"},\"primaryImageOfPage\":{\"@id\":\"https:\/\/nikolastevanovicphotography.com\/#primaryimage\"},\"image\":{\"@id\":\"https:\/\/nikolastevanovicphotography.com\/#primaryimage\"},\"thumbnailUrl\":\"https:\/\/nikolastevanovicphotography.com\/wp-content\/uploads\/2024\/07\/IMG_6618.jpeg\",\"datePublished\":\"2017-09-08T12:46:12+00:00\",\"dateModified\":\"2026-01-18T23:04:29+00:00\",\"description\":\"Wildlife photographer based in Serbia. Browse the wildlife photography galleries and read the stories of the wild on my blog.\",\"inLanguage\":\"sr-RS\",\"potentialAction\":[{\"@type\":\"ReadAction\",\"target\":[\"https:\/\/nikolastevanovicphotography.com\/\"]}]},{\"@type\":\"ImageObject\",\"inLanguage\":\"sr-RS\",\"@id\":\"https:\/\/nikolastevanovicphotography.com\/#primaryimage\",\"url\":\"https:\/\/nikolastevanovicphotography.com\/wp-content\/uploads\/2024\/07\/IMG_6618.jpeg\",\"contentUrl\":\"https:\/\/nikolastevanovicphotography.com\/wp-content\/uploads\/2024\/07\/IMG_6618.jpeg\",\"width\":2048,\"height\":1365},{\"@type\":\"WebSite\",\"@id\":\"https:\/\/nikolastevanovicphotography.com\/#website\",\"url\":\"https:\/\/nikolastevanovicphotography.com\/\",\"name\":\"Nikola Stevanovic Photography\",\"description\":\"Wildlife photographer based in Serbia. Browse the wildlife photography galleries and read the stories of the wild on my blog.\",\"publisher\":{\"@id\":\"https:\/\/nikolastevanovicphotography.com\/#\/schema\/person\/bb8dbcf16df6895b3052ad226e2c36ae\"},\"potentialAction\":[{\"@type\":\"SearchAction\",\"target\":{\"@type\":\"EntryPoint\",\"urlTemplate\":\"https:\/\/nikolastevanovicphotography.com\/?s={search_term_string}\"},\"query-input\":\"required name=search_term_string\"}],\"inLanguage\":\"sr-RS\"},{\"@type\":[\"Person\",\"Organization\"],\"@id\":\"https:\/\/nikolastevanovicphotography.com\/#\/schema\/person\/bb8dbcf16df6895b3052ad226e2c36ae\",\"name\":\"admin\",\"image\":{\"@type\":\"ImageObject\",\"inLanguage\":\"sr-RS\",\"@id\":\"https:\/\/nikolastevanovicphotography.com\/#\/schema\/person\/image\/\",\"url\":\"https:\/\/nikolastevanovicphotography.com\/wp-content\/uploads\/2024\/04\/nikolastevanovic-logo.png\",\"contentUrl\":\"https:\/\/nikolastevanovicphotography.com\/wp-content\/uploads\/2024\/04\/nikolastevanovic-logo.png\",\"width\":512,\"height\":512,\"caption\":\"admin\"},\"logo\":{\"@id\":\"https:\/\/nikolastevanovicphotography.com\/#\/schema\/person\/image\/\"},\"sameAs\":[\"https:\/\/nikolastevanovicphotography.com\/\"]}]}<\/script>\n<!-- \/ Yoast SEO plugin. -->","yoast_head_json":{"title":"Nikola Stevanovic Wildlife Photography","description":"Wildlife photographer based in Serbia. Browse the wildlife photography galleries and read the stories of the wild on my blog.","robots":{"index":"index","follow":"follow","max-snippet":"max-snippet:-1","max-image-preview":"max-image-preview:large","max-video-preview":"max-video-preview:-1"},"canonical":"https:\/\/nikolastevanovicphotography.com\/sr\/","og_locale":"sr_RS","og_type":"article","og_title":"Nikola Stevanovic Wildlife Photography","og_description":"Wildlife photographer based in Serbia. Browse the wildlife photography galleries and read the stories of the wild on my blog.","og_url":"https:\/\/nikolastevanovicphotography.com\/sr\/","og_site_name":"Nikola Stevanovic Wildlife Photography","article_modified_time":"2026-01-18T23:04:29+00:00","og_image":[{"width":2048,"height":1365,"url":"https:\/\/nikolastevanovicphotography.com\/wp-content\/uploads\/2024\/07\/IMG_6618.jpeg","type":"image\/jpeg"}],"twitter_card":"summary_large_image","twitter_misc":{"\u041f\u0440\u043e\u0446\u0435\u045a\u0435\u043d\u043e \u0432\u0440\u0435\u043c\u0435 \u0447\u0438\u0442\u0430\u045a\u0430":"2 \u043c\u0438\u043d\u0443\u0442\u0430"},"schema":{"@context":"https:\/\/schema.org","@graph":[{"@type":"WebPage","@id":"https:\/\/nikolastevanovicphotography.com\/","url":"https:\/\/nikolastevanovicphotography.com\/","name":"Nikola Stevanovic Wildlife Photography","isPartOf":{"@id":"https:\/\/nikolastevanovicphotography.com\/#website"},"primaryImageOfPage":{"@id":"https:\/\/nikolastevanovicphotography.com\/#primaryimage"},"image":{"@id":"https:\/\/nikolastevanovicphotography.com\/#primaryimage"},"thumbnailUrl":"https:\/\/nikolastevanovicphotography.com\/wp-content\/uploads\/2024\/07\/IMG_6618.jpeg","datePublished":"2017-09-08T12:46:12+00:00","dateModified":"2026-01-18T23:04:29+00:00","description":"Wildlife photographer based in Serbia. Browse the wildlife photography galleries and read the stories of the wild on my blog.","inLanguage":"sr-RS","potentialAction":[{"@type":"ReadAction","target":["https:\/\/nikolastevanovicphotography.com\/"]}]},{"@type":"ImageObject","inLanguage":"sr-RS","@id":"https:\/\/nikolastevanovicphotography.com\/#primaryimage","url":"https:\/\/nikolastevanovicphotography.com\/wp-content\/uploads\/2024\/07\/IMG_6618.jpeg","contentUrl":"https:\/\/nikolastevanovicphotography.com\/wp-content\/uploads\/2024\/07\/IMG_6618.jpeg","width":2048,"height":1365},{"@type":"WebSite","@id":"https:\/\/nikolastevanovicphotography.com\/#website","url":"https:\/\/nikolastevanovicphotography.com\/","name":"Nikola Stevanovic Photography","description":"Wildlife photographer based in Serbia. Browse the wildlife photography galleries and read the stories of the wild on my blog.","publisher":{"@id":"https:\/\/nikolastevanovicphotography.com\/#\/schema\/person\/bb8dbcf16df6895b3052ad226e2c36ae"},"potentialAction":[{"@type":"SearchAction","target":{"@type":"EntryPoint","urlTemplate":"https:\/\/nikolastevanovicphotography.com\/?s={search_term_string}"},"query-input":"required name=search_term_string"}],"inLanguage":"sr-RS"},{"@type":["Person","Organization"],"@id":"https:\/\/nikolastevanovicphotography.com\/#\/schema\/person\/bb8dbcf16df6895b3052ad226e2c36ae","name":"admin","image":{"@type":"ImageObject","inLanguage":"sr-RS","@id":"https:\/\/nikolastevanovicphotography.com\/#\/schema\/person\/image\/","url":"https:\/\/nikolastevanovicphotography.com\/wp-content\/uploads\/2024\/04\/nikolastevanovic-logo.png","contentUrl":"https:\/\/nikolastevanovicphotography.com\/wp-content\/uploads\/2024\/04\/nikolastevanovic-logo.png","width":512,"height":512,"caption":"admin"},"logo":{"@id":"https:\/\/nikolastevanovicphotography.com\/#\/schema\/person\/image\/"},"sameAs":["https:\/\/nikolastevanovicphotography.com\/"]}]}},"_links":{"self":[{"href":"https:\/\/nikolastevanovicphotography.com\/sr\/wp-json\/wp\/v2\/pages\/380","targetHints":{"allow":["GET"]}}],"collection":[{"href":"https:\/\/nikolastevanovicphotography.com\/sr\/wp-json\/wp\/v2\/pages"}],"about":[{"href":"https:\/\/nikolastevanovicphotography.com\/sr\/wp-json\/wp\/v2\/types\/page"}],"author":[{"embeddable":true,"href":"https:\/\/nikolastevanovicphotography.com\/sr\/wp-json\/wp\/v2\/users\/1"}],"replies":[{"embeddable":true,"href":"https:\/\/nikolastevanovicphotography.com\/sr\/wp-json\/wp\/v2\/comments?post=380"}],"version-history":[{"count":428,"href":"https:\/\/nikolastevanovicphotography.com\/sr\/wp-json\/wp\/v2\/pages\/380\/revisions"}],"predecessor-version":[{"id":4888,"href":"https:\/\/nikolastevanovicphotography.com\/sr\/wp-json\/wp\/v2\/pages\/380\/revisions\/4888"}],"wp:featuredmedia":[{"embeddable":true,"href":"https:\/\/nikolastevanovicphotography.com\/sr\/wp-json\/wp\/v2\/media\/3527"}],"wp:attachment":[{"href":"https:\/\/nikolastevanovicphotography.com\/sr\/wp-json\/wp\/v2\/media?parent=380"}],"curies":[{"name":"wp","href":"https:\/\/api.w.org\/{rel}","templated":true}]}}