{"id":7,"date":"2024-04-02T14:43:05","date_gmt":"2024-04-02T14:43:05","guid":{"rendered":"https:\/\/nikolastevanovicphotography.com\/?page_id=7"},"modified":"2025-02-23T22:31:05","modified_gmt":"2025-02-23T21:31:05","slug":"wildlife","status":"publish","type":"page","link":"https:\/\/nikolastevanovicphotography.com\/sr\/wildlife\/","title":{"rendered":"Wildlife Galerija"},"content":{"rendered":"<div class=\"wpb-content-wrapper\"><div class=\"vc_row wpb_row vc_row-fluid vc_row-69eb9f1c4244a\"><div class=\"wpb_column vc_column_container vc_col-sm-12 vc_row-69eb9f1c42634\"><div class=\"vc_column-inner\"><div class=\"wpb_wrapper\">\r\n\t\t<div class=\"portfolio-block portfolio-block-69eb9f1c426b4\" data-popup-settings=\"{&quot;popupTitle&quot;:false,&quot;popupDesc&quot;:false}\">\r\n\t\t\t\t\t\t\t<div class=\"portfolio-items portfolio-type-grid load-wrap portfolio_hover_type_9 hover-disable row\">\r\n\t\t\t\t\t\t\t<article class=\"portfolio-item col-12 col-sm-6 col-md-6 portfolio-grid-item\">\r\n\t\t\t<div class=\"wrap\">\r\n\t\t\t\t\t\t\t\t\t<div class=\"a-img\" data-original=\"https:\/\/nikolastevanovicphotography.com\/wp-content\/uploads\/2024\/12\/IMG_1357.jpeg\">\r\n\t\t\t\t\t\t<div style=\"background-image: url(https:\/\/nikolastevanovicphotography.com\/wp-content\/uploads\/2024\/12\/IMG_1357-1024x797.jpeg);\"><\/div>\r\n\t\t\t\t\t<\/div>\r\n\t\t\t\t\t\t\t\t<div class=\"content\">\r\n\t\t\t\t\t\t\t\t<h5>Maasai Mara 2024<\/h5>\r\n\t\t\t\t\t\t\t\t\t\t\t<\/div>\r\n        <a class=\"link\" href=\"https:\/\/nikolastevanovicphotography.com\/sr\/masai-mara-2024\/\" target=\"_self\"><\/a>\t\t\t<\/div>\r\n\t\t<\/article>\r\n\t\t\t\t<article class=\"portfolio-item col-12 col-sm-6 col-md-6 portfolio-grid-item\">\r\n\t\t\t<div class=\"wrap\">\r\n\t\t\t\t\t\t\t\t\t<div class=\"a-img\" data-original=\"https:\/\/nikolastevanovicphotography.com\/wp-content\/uploads\/2025\/02\/IMG_3971.jpeg\">\r\n\t\t\t\t\t\t<div style=\"background-image: url(https:\/\/nikolastevanovicphotography.com\/wp-content\/uploads\/2025\/02\/IMG_3971-1024x690.jpeg);\"><\/div>\r\n\t\t\t\t\t<\/div>\r\n\t\t\t\t\t\t\t\t<div class=\"content\">\r\n\t\t\t\t\t\t\t\t<h5>Maasai Mara 2025<\/h5>\r\n\t\t\t\t\t\t\t\t\t\t\t<\/div>\r\n        <a class=\"link\" href=\"https:\/\/nikolastevanovicphotography.com\/sr\/maasai-mara-2025\/\" target=\"_self\"><\/a>\t\t\t<\/div>\r\n\t\t<\/article>\r\n\t\t\t\t\t\t<\/div>\r\n\t\t\t\t\t\t\t\t\t<\/div>\r\n    <\/div><\/div><\/div><\/div><div class=\"vc_row wpb_row vc_row-fluid vc_row-69eb9f1c4377a\"><div class=\"wpb_column vc_column_container vc_col-sm-12 vc_row-66ca4279b81e9\"><div class=\"vc_column-inner\"><div class=\"wpb_wrapper\"><div class=\"vc_separator wpb_content_element vc_separator_align_center vc_sep_width_50 vc_sep_shadow vc_sep_pos_align_center vc_separator_no_text vc_sep_color_green wpb_content_element  wpb_content_element\" ><span class=\"vc_sep_holder vc_sep_holder_l\"><span class=\"vc_sep_line\"><\/span><\/span><span class=\"vc_sep_holder vc_sep_holder_r\"><span class=\"vc_sep_line\"><\/span><\/span>\n<\/div>\r\n\t\t<div class=\"portfolio-block portfolio-block-6687116683026\" data-popup-settings=\"{&quot;popupTitle&quot;:false,&quot;popupDesc&quot;:false}\">\r\n\t\t\t\t\t\t\t<div class=\"portfolio-items portfolio-type-grid load-wrap portfolio_hover_type_9 hover-disable row\">\r\n\t\t\t\t\t\t\t<article class=\"portfolio-item col-12 col-sm-6 col-md-6 portfolio-grid-item\">\r\n\t\t\t<div class=\"wrap\">\r\n\t\t\t\t\t\t\t\t\t<div class=\"a-img\" data-original=\"https:\/\/nikolastevanovicphotography.com\/wp-content\/uploads\/2024\/11\/IMG_1108.jpeg\">\r\n\t\t\t\t\t\t<div style=\"background-image: url(https:\/\/nikolastevanovicphotography.com\/wp-content\/uploads\/2024\/11\/IMG_1108-1024x758.jpeg);\"><\/div>\r\n\t\t\t\t\t<\/div>\r\n\t\t\t\t\t\t\t\t<div class=\"content\">\r\n\t\t\t\t\t\t\t\t<h5>Lavovi<\/h5>\r\n\t\t\t\t\t\t\t\t\t\t\t<\/div>\r\n        <a class=\"link\" href=\"https:\/\/nikolastevanovicphotography.com\/sr\/wildlife-lions\/\" target=\"_self\"><\/a>\t\t\t<\/div>\r\n\t\t<\/article>\r\n\t\t\t\t<article class=\"portfolio-item col-12 col-sm-6 col-md-6 portfolio-grid-item\">\r\n\t\t\t<div class=\"wrap\">\r\n\t\t\t\t\t\t\t\t\t<div class=\"a-img\" data-original=\"https:\/\/nikolastevanovicphotography.com\/wp-content\/uploads\/2024\/07\/IMG_6618.jpeg\">\r\n\t\t\t\t\t\t<div style=\"background-image: url(https:\/\/nikolastevanovicphotography.com\/wp-content\/uploads\/2024\/07\/IMG_6618.jpeg);\"><\/div>\r\n\t\t\t\t\t<\/div>\r\n\t\t\t\t\t\t\t\t<div class=\"content\">\r\n\t\t\t\t\t\t\t\t<h5>Mrki medvedi<\/h5>\r\n\t\t\t\t\t\t\t\t\t\t\t<\/div>\r\n        <a class=\"link\" href=\"https:\/\/nikolastevanovicphotography.com\/sr\/wildlife-brown-bears\/\" target=\"_self\"><\/a>\t\t\t<\/div>\r\n\t\t<\/article>\r\n\t\t\t\t<article class=\"portfolio-item col-12 col-sm-6 col-md-6 portfolio-grid-item\">\r\n\t\t\t<div class=\"wrap\">\r\n\t\t\t\t\t\t\t\t\t<div class=\"a-img\" data-original=\"https:\/\/nikolastevanovicphotography.com\/wp-content\/uploads\/2024\/07\/IMG_6712.jpeg\">\r\n\t\t\t\t\t\t<div style=\"background-image: url(https:\/\/nikolastevanovicphotography.com\/wp-content\/uploads\/2024\/07\/IMG_6712-1024x831.jpeg);\"><\/div>\r\n\t\t\t\t\t<\/div>\r\n\t\t\t\t\t\t\t\t<div class=\"content\">\r\n\t\t\t\t\t\t\t\t<h5>Ptice<\/h5>\r\n\t\t\t\t\t\t\t\t\t\t\t<\/div>\r\n        <a class=\"link\" href=\"https:\/\/nikolastevanovicphotography.com\/sr\/wildlife-birds\/\" target=\"_self\"><\/a>\t\t\t<\/div>\r\n\t\t<\/article>\r\n\t\t\t\t<article class=\"portfolio-item col-12 col-sm-6 col-md-6 portfolio-grid-item\">\r\n\t\t\t<div class=\"wrap\">\r\n\t\t\t\t\t\t\t\t\t<div class=\"a-img\" data-original=\"https:\/\/nikolastevanovicphotography.com\/wp-content\/uploads\/2024\/08\/BannerTekunica.jpg\">\r\n\t\t\t\t\t\t<div style=\"background-image: url(https:\/\/nikolastevanovicphotography.com\/wp-content\/uploads\/2024\/08\/BannerTekunica-1024x636.jpg);\"><\/div>\r\n\t\t\t\t\t<\/div>\r\n\t\t\t\t\t\t\t\t<div class=\"content\">\r\n\t\t\t\t\t\t\t\t<h5>Sisari<\/h5>\r\n\t\t\t\t\t\t\t\t\t\t\t<\/div>\r\n        <a class=\"link\" href=\"https:\/\/nikolastevanovicphotography.com\/sr\/wildlife-mammals\/\" target=\"_self\"><\/a>\t\t\t<\/div>\r\n\t\t<\/article>\r\n\t\t\t\t<article class=\"portfolio-item col-12 col-sm-6 col-md-6 portfolio-grid-item\">\r\n\t\t\t<div class=\"wrap\">\r\n\t\t\t\t\t\t\t\t\t<div class=\"a-img\" data-original=\"https:\/\/nikolastevanovicphotography.com\/wp-content\/uploads\/2024\/07\/IMG_6685.jpeg\">\r\n\t\t\t\t\t\t<div style=\"background-image: url(https:\/\/nikolastevanovicphotography.com\/wp-content\/uploads\/2024\/07\/IMG_6685-1024x746.jpeg);\"><\/div>\r\n\t\t\t\t\t<\/div>\r\n\t\t\t\t\t\t\t\t<div class=\"content\">\r\n\t\t\t\t\t\t\t\t<h5>Vodozemci i Reptili<\/h5>\r\n\t\t\t\t\t\t\t\t\t\t\t<\/div>\r\n        <a class=\"link\" href=\"https:\/\/nikolastevanovicphotography.com\/sr\/wildlife-amphibians-and-reptiles\/\" target=\"_self\"><\/a>\t\t\t<\/div>\r\n\t\t<\/article>\r\n\t\t\t\t\t\t<\/div>\r\n\t\t\t\t\t\t\t\t\t<\/div>\r\n    \n\t<div class=\"wpb_text_column wpb_content_element wpb_animate_when_almost_visible wpb_bottom-to-top bottom-to-top\" >\n\t\t<div class=\"wpb_wrapper\">\n\t\t\t<p style=\"text-align: center;\"><span style=\"font-size: 18px;\">Fotografisanjem divljih \u017eivotinja bele\u017ei se su\u0161tina neukroc\u0301ene lepote i sirove divljine, gde svaki klik zatvara\u010da zamrzava prolazne trenutke sveta prirode. Kroz strpljivo posmatranje i duboko razumevanje pona\u0161anja \u017eivotinja, fotografi uvode gledaoce u intimne portrete stvorenja u njihovim prirodnim stani\u0161tima. Bilo da je u pitanju tihi let sove u sumrak, moc\u0301an korak lavice na putu, ili delikatan ples leptira usred divljeg cvec\u0301a, ove slike otkrivaju kompleksnost \u017eivota u divljini. Iza svakog upe\u010datljivog kadra kriju se sati i sati posvec\u0301enosti, \u010dekanja savr\u0161enog svetla, kompozicije i neumorive \u017eelje da se kroz fotografije prika\u017ee pri\u010da o pre\u017eivljavanju, instinktu i krhkoj ravnote\u017ei ekosistema. Fotografija divljih \u017eivotinja ne samo da slavi \u010duda biodiverziteta, vec\u0301 i inspiri\u0161e po\u0161tovanje prema krhkoj lepoti raznovrsnih divljih \u017eivotinja na\u0161e planete.<\/span><\/p>\n\n\t\t<\/div>\n\t<\/div>\n<\/div><\/div><\/div><\/div>\n<\/div>","protected":false},"excerpt":{"rendered":"Maasai Mara 2024 Maasai Mara 2025 Lions Brown Bears Birds Mammals Amphibians and reptiles Wildlife photography captures the essence of untamed beauty and raw wilderness, where each click of the shutter freezes fleeting moments of the natural world. Through patient observation and a deep understanding of animal behavior, photographers immerse viewers in intimate portraits of [...]","protected":false},"author":1,"featured_media":0,"parent":0,"menu_order":-1,"comment_status":"closed","ping_status":"closed","template":"","meta":{"_acf_changed":false,"footnotes":""},"class_list":["post-7","page","type-page","status-publish","hentry"],"acf":[],"yoast_head":"<!-- This site is optimized with the Yoast SEO plugin v23.0 - https:\/\/yoast.com\/wordpress\/plugins\/seo\/ -->\n<title>Wildlife - Nikola Stevanovic Wildlife Photography<\/title>\n<meta name=\"description\" content=\"Browse breathtaking wildlife photography galleries featuring images of animals in their natural habitats. Explore diverse collections of wildlife from around the world, captured by a professional wildlife photographer.\" \/>\n<meta name=\"robots\" content=\"index, follow, max-snippet:-1, max-image-preview:large, max-video-preview:-1\" \/>\n<link rel=\"canonical\" href=\"https:\/\/nikolastevanovicphotography.com\/sr\/wildlife\/\" \/>\n<meta property=\"og:locale\" content=\"sr_RS\" \/>\n<meta property=\"og:type\" content=\"article\" \/>\n<meta property=\"og:title\" content=\"Wildlife - Nikola Stevanovic Wildlife Photography\" \/>\n<meta property=\"og:description\" content=\"Browse breathtaking wildlife photography galleries featuring images of animals in their natural habitats. Explore diverse collections of wildlife from around the world, captured by a professional wildlife photographer.\" \/>\n<meta property=\"og:url\" content=\"https:\/\/nikolastevanovicphotography.com\/sr\/wildlife\/\" \/>\n<meta property=\"og:site_name\" content=\"Nikola Stevanovic Wildlife Photography\" \/>\n<meta property=\"article:modified_time\" content=\"2025-02-23T21:31:05+00:00\" \/>\n<meta name=\"twitter:card\" content=\"summary_large_image\" \/>\n<meta name=\"twitter:label1\" content=\"\u041f\u0440\u043e\u0446\u0435\u045a\u0435\u043d\u043e \u0432\u0440\u0435\u043c\u0435 \u0447\u0438\u0442\u0430\u045a\u0430\" \/>\n\t<meta name=\"twitter:data1\" content=\"1 \u043c\u0438\u043d\u0443\u0442\" \/>\n<script type=\"application\/ld+json\" class=\"yoast-schema-graph\">{\"@context\":\"https:\/\/schema.org\",\"@graph\":[{\"@type\":\"WebPage\",\"@id\":\"https:\/\/nikolastevanovicphotography.com\/wildlife\/\",\"url\":\"https:\/\/nikolastevanovicphotography.com\/wildlife\/\",\"name\":\"Wildlife - Nikola Stevanovic Wildlife Photography\",\"isPartOf\":{\"@id\":\"https:\/\/nikolastevanovicphotography.com\/#website\"},\"datePublished\":\"2024-04-02T14:43:05+00:00\",\"dateModified\":\"2025-02-23T21:31:05+00:00\",\"description\":\"Browse breathtaking wildlife photography galleries featuring images of animals in their natural habitats. Explore diverse collections of wildlife from around the world, captured by a professional wildlife photographer.\",\"inLanguage\":\"sr-RS\",\"potentialAction\":[{\"@type\":\"ReadAction\",\"target\":[\"https:\/\/nikolastevanovicphotography.com\/wildlife\/\"]}]},{\"@type\":\"WebSite\",\"@id\":\"https:\/\/nikolastevanovicphotography.com\/#website\",\"url\":\"https:\/\/nikolastevanovicphotography.com\/\",\"name\":\"Nikola Stevanovic Photography\",\"description\":\"Wildlife photographer based in Serbia. Browse the wildlife photography galleries and read the stories of the wild on my blog.\",\"publisher\":{\"@id\":\"https:\/\/nikolastevanovicphotography.com\/#\/schema\/person\/bb8dbcf16df6895b3052ad226e2c36ae\"},\"potentialAction\":[{\"@type\":\"SearchAction\",\"target\":{\"@type\":\"EntryPoint\",\"urlTemplate\":\"https:\/\/nikolastevanovicphotography.com\/?s={search_term_string}\"},\"query-input\":\"required name=search_term_string\"}],\"inLanguage\":\"sr-RS\"},{\"@type\":[\"Person\",\"Organization\"],\"@id\":\"https:\/\/nikolastevanovicphotography.com\/#\/schema\/person\/bb8dbcf16df6895b3052ad226e2c36ae\",\"name\":\"admin\",\"image\":{\"@type\":\"ImageObject\",\"inLanguage\":\"sr-RS\",\"@id\":\"https:\/\/nikolastevanovicphotography.com\/#\/schema\/person\/image\/\",\"url\":\"https:\/\/nikolastevanovicphotography.com\/wp-content\/uploads\/2024\/04\/nikolastevanovic-logo.png\",\"contentUrl\":\"https:\/\/nikolastevanovicphotography.com\/wp-content\/uploads\/2024\/04\/nikolastevanovic-logo.png\",\"width\":512,\"height\":512,\"caption\":\"admin\"},\"logo\":{\"@id\":\"https:\/\/nikolastevanovicphotography.com\/#\/schema\/person\/image\/\"},\"sameAs\":[\"https:\/\/nikolastevanovicphotography.com\/\"]}]}<\/script>\n<!-- \/ Yoast SEO plugin. -->","yoast_head_json":{"title":"Wildlife - Nikola Stevanovic Wildlife Photography","description":"Browse breathtaking wildlife photography galleries featuring images of animals in their natural habitats. Explore diverse collections of wildlife from around the world, captured by a professional wildlife photographer.","robots":{"index":"index","follow":"follow","max-snippet":"max-snippet:-1","max-image-preview":"max-image-preview:large","max-video-preview":"max-video-preview:-1"},"canonical":"https:\/\/nikolastevanovicphotography.com\/sr\/wildlife\/","og_locale":"sr_RS","og_type":"article","og_title":"Wildlife - Nikola Stevanovic Wildlife Photography","og_description":"Browse breathtaking wildlife photography galleries featuring images of animals in their natural habitats. Explore diverse collections of wildlife from around the world, captured by a professional wildlife photographer.","og_url":"https:\/\/nikolastevanovicphotography.com\/sr\/wildlife\/","og_site_name":"Nikola Stevanovic Wildlife Photography","article_modified_time":"2025-02-23T21:31:05+00:00","twitter_card":"summary_large_image","twitter_misc":{"\u041f\u0440\u043e\u0446\u0435\u045a\u0435\u043d\u043e \u0432\u0440\u0435\u043c\u0435 \u0447\u0438\u0442\u0430\u045a\u0430":"1 \u043c\u0438\u043d\u0443\u0442"},"schema":{"@context":"https:\/\/schema.org","@graph":[{"@type":"WebPage","@id":"https:\/\/nikolastevanovicphotography.com\/wildlife\/","url":"https:\/\/nikolastevanovicphotography.com\/wildlife\/","name":"Wildlife - Nikola Stevanovic Wildlife Photography","isPartOf":{"@id":"https:\/\/nikolastevanovicphotography.com\/#website"},"datePublished":"2024-04-02T14:43:05+00:00","dateModified":"2025-02-23T21:31:05+00:00","description":"Browse breathtaking wildlife photography galleries featuring images of animals in their natural habitats. Explore diverse collections of wildlife from around the world, captured by a professional wildlife photographer.","inLanguage":"sr-RS","potentialAction":[{"@type":"ReadAction","target":["https:\/\/nikolastevanovicphotography.com\/wildlife\/"]}]},{"@type":"WebSite","@id":"https:\/\/nikolastevanovicphotography.com\/#website","url":"https:\/\/nikolastevanovicphotography.com\/","name":"Nikola Stevanovic Photography","description":"Wildlife photographer based in Serbia. Browse the wildlife photography galleries and read the stories of the wild on my blog.","publisher":{"@id":"https:\/\/nikolastevanovicphotography.com\/#\/schema\/person\/bb8dbcf16df6895b3052ad226e2c36ae"},"potentialAction":[{"@type":"SearchAction","target":{"@type":"EntryPoint","urlTemplate":"https:\/\/nikolastevanovicphotography.com\/?s={search_term_string}"},"query-input":"required name=search_term_string"}],"inLanguage":"sr-RS"},{"@type":["Person","Organization"],"@id":"https:\/\/nikolastevanovicphotography.com\/#\/schema\/person\/bb8dbcf16df6895b3052ad226e2c36ae","name":"admin","image":{"@type":"ImageObject","inLanguage":"sr-RS","@id":"https:\/\/nikolastevanovicphotography.com\/#\/schema\/person\/image\/","url":"https:\/\/nikolastevanovicphotography.com\/wp-content\/uploads\/2024\/04\/nikolastevanovic-logo.png","contentUrl":"https:\/\/nikolastevanovicphotography.com\/wp-content\/uploads\/2024\/04\/nikolastevanovic-logo.png","width":512,"height":512,"caption":"admin"},"logo":{"@id":"https:\/\/nikolastevanovicphotography.com\/#\/schema\/person\/image\/"},"sameAs":["https:\/\/nikolastevanovicphotography.com\/"]}]}},"_links":{"self":[{"href":"https:\/\/nikolastevanovicphotography.com\/sr\/wp-json\/wp\/v2\/pages\/7","targetHints":{"allow":["GET"]}}],"collection":[{"href":"https:\/\/nikolastevanovicphotography.com\/sr\/wp-json\/wp\/v2\/pages"}],"about":[{"href":"https:\/\/nikolastevanovicphotography.com\/sr\/wp-json\/wp\/v2\/types\/page"}],"author":[{"embeddable":true,"href":"https:\/\/nikolastevanovicphotography.com\/sr\/wp-json\/wp\/v2\/users\/1"}],"replies":[{"embeddable":true,"href":"https:\/\/nikolastevanovicphotography.com\/sr\/wp-json\/wp\/v2\/comments?post=7"}],"version-history":[{"count":89,"href":"https:\/\/nikolastevanovicphotography.com\/sr\/wp-json\/wp\/v2\/pages\/7\/revisions"}],"predecessor-version":[{"id":4558,"href":"https:\/\/nikolastevanovicphotography.com\/sr\/wp-json\/wp\/v2\/pages\/7\/revisions\/4558"}],"wp:attachment":[{"href":"https:\/\/nikolastevanovicphotography.com\/sr\/wp-json\/wp\/v2\/media?parent=7"}],"curies":[{"name":"wp","href":"https:\/\/api.w.org\/{rel}","templated":true}]}}