{"id":705,"date":"2017-09-18T10:46:12","date_gmt":"2017-09-18T10:46:12","guid":{"rendered":"https:\/\/promo-theme.com\/novo\/dark\/?page_id=705"},"modified":"2024-12-09T23:14:23","modified_gmt":"2024-12-09T22:14:23","slug":"about-me","status":"publish","type":"page","link":"https:\/\/nikolastevanovicphotography.com\/sr\/about-me\/","title":{"rendered":"O Autoru"},"content":{"rendered":"<div class=\"wpb-content-wrapper\"><div class=\"vc_row wpb_row vc_row-fluid wpb_animate_when_almost_visible wpb_fadeInDown fadeInDown vc_custom_1723673141441 vc_row-6694034382db4 vc_row-o-content-middle vc_row-flex\"><div class=\"wpb_animate_when_almost_visible wpb_left-to-right left-to-right wpb_column vc_column_container vc_col-sm-5 vc_row-669402cca0670 vc_col-has-fill\"><div class=\"vc_column-inner vc_custom_1723671809546\"><div class=\"wpb_wrapper\">\n\t<div  class=\"wpb_single_image wpb_content_element vc_align_center wpb_content_element\">\n\t\t\n\t\t<figure class=\"wpb_wrapper vc_figure\">\n\t\t\t<a class=\"\" data-lightbox=\"lightbox[rel-705-580767753]\" href=\"https:\/\/nikolastevanovicphotography.com\/wp-content\/uploads\/2024\/12\/IMG_1469-full-835x1024.jpeg\" target=\"_self\"><img loading=\"lazy\" decoding=\"async\" width=\"835\" height=\"1024\" src=\"https:\/\/nikolastevanovicphotography.com\/wp-content\/uploads\/2024\/12\/IMG_1469-full-835x1024.jpeg\" class=\"vc_single_image-img attachment-large\" alt=\"\" title=\"IMG_1469 - full\" srcset=\"https:\/\/nikolastevanovicphotography.com\/wp-content\/uploads\/2024\/12\/IMG_1469-full-835x1024.jpeg 835w, https:\/\/nikolastevanovicphotography.com\/wp-content\/uploads\/2024\/12\/IMG_1469-full-245x300.jpeg 245w, https:\/\/nikolastevanovicphotography.com\/wp-content\/uploads\/2024\/12\/IMG_1469-full-768x942.jpeg 768w, https:\/\/nikolastevanovicphotography.com\/wp-content\/uploads\/2024\/12\/IMG_1469-full-1253x1536.jpeg 1253w, https:\/\/nikolastevanovicphotography.com\/wp-content\/uploads\/2024\/12\/IMG_1469-full-10x12.jpeg 10w, https:\/\/nikolastevanovicphotography.com\/wp-content\/uploads\/2024\/12\/IMG_1469-full-57x70.jpeg 57w, https:\/\/nikolastevanovicphotography.com\/wp-content\/uploads\/2024\/12\/IMG_1469-full-600x736.jpeg 600w, https:\/\/nikolastevanovicphotography.com\/wp-content\/uploads\/2024\/12\/IMG_1469-full.jpeg 1362w\" sizes=\"auto, (max-width: 835px) 100vw, 835px\" \/><\/a>\n\t\t<\/figure>\n\t<\/div>\n<\/div><\/div><\/div><div class=\"wpb_animate_when_almost_visible wpb_right-to-left right-to-left wpb_column vc_column_container vc_col-sm-7 vc_row-669402e5b7906\"><div class=\"vc_column-inner vc_custom_1723671778234\"><div class=\"wpb_wrapper\">      <div class=\"heading-block heading-5d67b7780c108 tal h-h4 with-line vc_custom_1720976142732\">\n                  <h4 class=\"h\">Zovem se Nikola Stevanovi\u0107.<br \/>\n<span>Ja sam Wildlife fotograf.<\/span><\/h4>\n              <\/div>\n    \n\t<div class=\"wpb_text_column wpb_content_element\" >\n\t\t<div class=\"wpb_wrapper\">\n\t\t\t<p><span style=\"font-size: 18px;\">Ro\u0111en sa stra\u0161c\u0301u prema prirodi i divljini, otisnuo sam se na putovanje koje je oblikovalo moju karijeru. Kao mlad fotograf, odlu\u010dio sam da se posvetim fotografiji divljih \u017eivotinja \u017eele\u0107i da zabele\u017eim i ovekove\u010dim njihovu lepotu na jedinstven na\u010din.<\/span><\/p>\n<p><span style=\"font-size: 18px;\">Putovanja su mi omoguc\u0301ila da istra\u017eujem razli\u010dite ekosisteme i upoznam raznolikost \u017eivotinjskog sveta. Svaki trenutak proveden u prirodi je dragocen jer mi daje priliku da zabele\u017eim neverovatne trenutke i podelim ih sa drugima.<\/span><\/p>\n<p><span style=\"font-size: 18px;\">Moje fotografije prikazuju divlje \u017eivotinje u njihovom prirodnom stani\u0161tu, otkrivajuc\u0301i njihovu lepotu, snagu i ranjivost. Trudim se da zabele\u017eim njihove jedinstvene karakteristike i emocije, stvarajuc\u0301i sna\u017enu vezu izme\u0111u posmatra\u010da i \u017eivotinja na fotografijama.<\/span><\/p>\n<p><span style=\"font-size: 18px;\">Moja strast prema fotografiji divljih \u017eivotinja me motivi\u0161e da nastavim da putujem, istra\u017eujem i fotografi\u0161em nove vrste, stvarajuc\u0301i jo\u0161 inspirativnije fotografije. Moja misija jeste da inspiri\u0161em ljude da cene i \u0161tite prirodu.<\/span><\/p>\n\n\t\t<\/div>\n\t<\/div>\n<\/div><\/div><\/div><\/div><div class=\"vc_row wpb_row vc_row-fluid vc_row-69eb9f5ac6148\"><div class=\"wpb_column vc_column_container vc_col-sm-12 vc_row-669408beb702b\"><div class=\"vc_column-inner vc_custom_1720980056844\"><div class=\"wpb_wrapper\">      <div class=\"heading-block heading-5d67b7e3a17a4 tac h-h3 with-line vc_custom_1724536109227  wpb_animate_when_almost_visible wpb_fadeInUp fadeInUp\">\n                  <h3 class=\"h\"><span>Oprema<\/span><\/h3>\n              <\/div>\n    <\/div><\/div><\/div><\/div><div class=\"vc_row wpb_row vc_row-fluid vc_row-69eb9f5ac62dd\"><div class=\"wpb_animate_when_almost_visible wpb_fadeInLeft fadeInLeft wpb_column vc_column_container vc_col-sm-4 vc_row-66940ff44b793\"><div class=\"vc_column-inner\"><div class=\"wpb_wrapper\"><div class=\"vc_icon_element vc_icon_element-outer vc_do_icon vc_icon_element-align-center vc_icon_element-have-style\"><div class=\"vc_icon_element-inner vc_icon_element-color-white vc_icon_element-have-style-inner vc_icon_element-size-xl vc_icon_element-style-rounded-outline vc_icon_element-outline vc_icon_element-background-color-custom\"  style=\"border-color:#3b894a\"><span class=\"vc_icon_element-icon photo-icon-camera-top-view\" ><\/span><\/div><\/div>\n\t<div class=\"wpb_text_column wpb_content_element\" >\n\t\t<div class=\"wpb_wrapper\">\n\t\t\t<h6 style=\"text-align: center;\"><span style=\"text-transform: uppercase;\">Fotoaparat<\/span><\/h6>\n<p style=\"text-align: center;\"><span style=\"font-size: 16px;\"><em><span style=\"font-weight: 300;\">Nikon Z9<\/span><\/em><\/span><br \/>\n<span style=\"font-weight: 300;\"><em>Nikon Z6 III <\/em><\/span><\/p>\n\n\t\t<\/div>\n\t<\/div>\n<div class=\"vc_icon_element vc_icon_element-outer vc_do_icon vc_icon_element-align-center vc_icon_element-have-style\"><div class=\"vc_icon_element-inner vc_icon_element-color-custom vc_icon_element-have-style-inner vc_icon_element-size-xl vc_icon_element-style-rounded-outline vc_icon_element-outline vc_icon_element-background-color-custom\"  style=\"border-color:#4daf5a\"><span class=\"vc_icon_element-icon photo-icon-camera-lens\" ><\/span><\/div><\/div>\n\t<div class=\"wpb_text_column wpb_content_element\" >\n\t\t<div class=\"wpb_wrapper\">\n\t\t\t<h6 style=\"text-align: center;\"><span style=\"text-transform: uppercase;\">Objektivi<\/span><\/h6>\n<p style=\"text-align: center;\"><span style=\"font-size: 16px;\"><em><span style=\"font-weight: 300;\">Nikon Z 70-200 2.8 S<br \/>\nNikon Z 180-600 5.6 &#8211; 6.3<\/span><\/em><\/span><\/p>\n\n\t\t<\/div>\n\t<\/div>\n<\/div><\/div><\/div><div class=\"wpb_column vc_column_container vc_col-sm-4 vc_row-69eb9f5ac66eb\"><div class=\"vc_column-inner\"><div class=\"wpb_wrapper\">    <div class=\"side-img side-img-669408d166465 style-circle align-left vc_custom_1720978194826\">\n      <div style=\"background-image: url(https:\/\/nikolastevanovicphotography.com\/wp-content\/uploads\/2024\/04\/camo-1.jpg);\"><\/div>\n    <\/div>\n    <\/div><\/div><\/div><div class=\"wpb_animate_when_almost_visible wpb_fadeInRight fadeInRight wpb_column vc_column_container vc_col-sm-4 vc_row-6694100339bd6\"><div class=\"vc_column-inner\"><div class=\"wpb_wrapper\"><div class=\"vc_icon_element vc_icon_element-outer vc_do_icon vc_icon_element-align-center vc_icon_element-have-style\"><div class=\"vc_icon_element-inner vc_icon_element-color-custom vc_icon_element-have-style-inner vc_icon_element-size-xl vc_icon_element-style-rounded-outline vc_icon_element-outline vc_icon_element-background-color-custom\"  style=\"border-color:#4daf5a\"><span class=\"vc_icon_element-icon photo-icon-tripod-with-camera\" ><\/span><\/div><\/div>\n\t<div class=\"wpb_text_column wpb_content_element\" >\n\t\t<div class=\"wpb_wrapper\">\n\t\t\t<h6 style=\"text-align: center;\"><span style=\"text-transform: uppercase;\">Tripod<\/span><\/h6>\n<p style=\"text-align: center;\"><span style=\"font-size: 16px;\"><em><span style=\"font-weight: 300;\">Manfrotto<\/span><\/em><\/span><\/p>\n\n\t\t<\/div>\n\t<\/div>\n<div class=\"vc_icon_element vc_icon_element-outer vc_do_icon vc_icon_element-align-center vc_icon_element-have-style\"><div class=\"vc_icon_element-inner vc_icon_element-color-custom vc_icon_element-have-style-inner vc_icon_element-size-xl vc_icon_element-style-rounded-outline vc_icon_element-outline vc_icon_element-background-color-custom\"  style=\"border-color:#4daf5a\"><span class=\"vc_icon_element-icon fas fa-campground\" ><\/span><\/div><\/div>\n\t<div class=\"wpb_text_column wpb_content_element\" >\n\t\t<div class=\"wpb_wrapper\">\n\t\t\t<h6 style=\"text-align: center;\"><span style=\"text-transform: uppercase;\">Foto blind<\/span><\/h6>\n<p style=\"text-align: center;\"><span style=\"font-size: 16px;\"><em><span style=\"font-weight: 300;\">Tragopan V6<\/span><\/em><\/span><\/p>\n\n\t\t<\/div>\n\t<\/div>\n<\/div><\/div><\/div><\/div><div class=\"vc_row wpb_row vc_row-fluid vc_row-69eb9f5ac6ca7\"><div class=\"wpb_animate_when_almost_visible wpb_fadeInUp fadeInUp wpb_column vc_column_container vc_col-sm-12 vc_row-66940a45f3fc0\"><div class=\"vc_column-inner vc_custom_1720977995277\"><div class=\"wpb_wrapper\">      <div class=\"heading-block heading-5d67b80192474 tac h-h3 with-line vc_custom_1724535896167\">\n                  <h3 class=\"h\"><span>Posve\u0107enost divljim \u017eivotinjama<\/span><\/h3>\n              <\/div>\n    \n\t<div class=\"wpb_text_column wpb_content_element wpb_animate_when_almost_visible wpb_bottom-to-top bottom-to-top\" >\n\t\t<div class=\"wpb_wrapper\">\n\t\t\t<p style=\"text-align: center;\"><span style=\"font-size: 18px;\">O\u010duvanje divljih \u017eivotinja je od vitalnog zna\u010daja za odr\u017eavanje ekosistema na\u0161e planete. Kao posvec\u0301eni fotograf divljih \u017eivotinja, pored fotografisanja lepote prirode kroz svoj objektiv, aktivno u\u010destvujem u naporima za za\u0161titu i spasavanje divljih \u017eivotinja i njihovih stani\u0161ta.  Kao aktivni \u010dlan <span style=\"color: #62de6a;\">Dru\u0161tva za za\u0161titu i prou\u010davanje ptica Srbije<\/span> i <span style=\"color: #62de6a;\">Sokobanjskog ekolo\u0161kog dru\u0161tva<\/span>, doprinosim naporima u cilju za\u0161tite ugro\u017eenih vrsta i pru\u017eanja pomoc\u0301i \u017eivotinjama kojima je potrebna. Svojim radom nastojim da podignem svest o hitnoj potrebi za o\u010duvanjem kako bi omogu\u0107ili buduc\u0301im generacijama da u\u017eivaju u bogatom biodiverzitetu koji danas imamo.<\/span><\/p>\n\n\t\t<\/div>\n\t<\/div>\n<\/div><\/div><\/div><\/div>\n<\/div>","protected":false},"excerpt":{"rendered":"My name is Nikola Stevanovi\u0107. I\u2019m a wildlife photographer. I was born with a passion for nature and wildlife, which led me on a journey that shaped my career. As a young photographer, I decided to dedicate myself to wildlife photography because I wanted to capture the beauty and wildness of animals in a unique [...]","protected":false},"author":1,"featured_media":0,"parent":0,"menu_order":-1,"comment_status":"closed","ping_status":"closed","template":"","meta":{"_acf_changed":false,"footnotes":""},"class_list":["post-705","page","type-page","status-publish","hentry"],"acf":[],"yoast_head":"<!-- This site is optimized with the Yoast SEO plugin v23.0 - https:\/\/yoast.com\/wordpress\/plugins\/seo\/ -->\n<title>About me - Nikola Stevanovic Wildlife Photography<\/title>\n<meta name=\"description\" content=\"Learn about Nikola Stevanovic, a passionate wildlife photographer dedicated to capturing breathtaking images of animals in their natural habitats. Explore the story behind the lens and his journey into wildlife photography.\" \/>\n<meta name=\"robots\" content=\"index, follow, max-snippet:-1, max-image-preview:large, max-video-preview:-1\" \/>\n<link rel=\"canonical\" href=\"https:\/\/nikolastevanovicphotography.com\/sr\/about-me\/\" \/>\n<meta property=\"og:locale\" content=\"sr_RS\" \/>\n<meta property=\"og:type\" content=\"article\" \/>\n<meta property=\"og:title\" content=\"About me - Nikola Stevanovic Wildlife Photography\" \/>\n<meta property=\"og:description\" content=\"Learn about Nikola Stevanovic, a passionate wildlife photographer dedicated to capturing breathtaking images of animals in their natural habitats. Explore the story behind the lens and his journey into wildlife photography.\" \/>\n<meta property=\"og:url\" content=\"https:\/\/nikolastevanovicphotography.com\/sr\/about-me\/\" \/>\n<meta property=\"og:site_name\" content=\"Nikola Stevanovic Wildlife Photography\" \/>\n<meta property=\"article:modified_time\" content=\"2024-12-09T22:14:23+00:00\" \/>\n<meta name=\"twitter:card\" content=\"summary_large_image\" \/>\n<meta name=\"twitter:label1\" content=\"\u041f\u0440\u043e\u0446\u0435\u045a\u0435\u043d\u043e \u0432\u0440\u0435\u043c\u0435 \u0447\u0438\u0442\u0430\u045a\u0430\" \/>\n\t<meta name=\"twitter:data1\" content=\"3 \u043c\u0438\u043d\u0443\u0442\u0430\" \/>\n<script type=\"application\/ld+json\" class=\"yoast-schema-graph\">{\"@context\":\"https:\/\/schema.org\",\"@graph\":[{\"@type\":\"WebPage\",\"@id\":\"https:\/\/nikolastevanovicphotography.com\/about-me\/\",\"url\":\"https:\/\/nikolastevanovicphotography.com\/about-me\/\",\"name\":\"About me - Nikola Stevanovic Wildlife Photography\",\"isPartOf\":{\"@id\":\"https:\/\/nikolastevanovicphotography.com\/#website\"},\"datePublished\":\"2017-09-18T10:46:12+00:00\",\"dateModified\":\"2024-12-09T22:14:23+00:00\",\"description\":\"Learn about Nikola Stevanovic, a passionate wildlife photographer dedicated to capturing breathtaking images of animals in their natural habitats. Explore the story behind the lens and his journey into wildlife photography.\",\"inLanguage\":\"sr-RS\",\"potentialAction\":[{\"@type\":\"ReadAction\",\"target\":[\"https:\/\/nikolastevanovicphotography.com\/about-me\/\"]}]},{\"@type\":\"WebSite\",\"@id\":\"https:\/\/nikolastevanovicphotography.com\/#website\",\"url\":\"https:\/\/nikolastevanovicphotography.com\/\",\"name\":\"Nikola Stevanovic Photography\",\"description\":\"Wildlife photographer based in Serbia. Browse the wildlife photography galleries and read the stories of the wild on my blog.\",\"publisher\":{\"@id\":\"https:\/\/nikolastevanovicphotography.com\/#\/schema\/person\/bb8dbcf16df6895b3052ad226e2c36ae\"},\"potentialAction\":[{\"@type\":\"SearchAction\",\"target\":{\"@type\":\"EntryPoint\",\"urlTemplate\":\"https:\/\/nikolastevanovicphotography.com\/?s={search_term_string}\"},\"query-input\":\"required name=search_term_string\"}],\"inLanguage\":\"sr-RS\"},{\"@type\":[\"Person\",\"Organization\"],\"@id\":\"https:\/\/nikolastevanovicphotography.com\/#\/schema\/person\/bb8dbcf16df6895b3052ad226e2c36ae\",\"name\":\"admin\",\"image\":{\"@type\":\"ImageObject\",\"inLanguage\":\"sr-RS\",\"@id\":\"https:\/\/nikolastevanovicphotography.com\/#\/schema\/person\/image\/\",\"url\":\"https:\/\/nikolastevanovicphotography.com\/wp-content\/uploads\/2024\/04\/nikolastevanovic-logo.png\",\"contentUrl\":\"https:\/\/nikolastevanovicphotography.com\/wp-content\/uploads\/2024\/04\/nikolastevanovic-logo.png\",\"width\":512,\"height\":512,\"caption\":\"admin\"},\"logo\":{\"@id\":\"https:\/\/nikolastevanovicphotography.com\/#\/schema\/person\/image\/\"},\"sameAs\":[\"https:\/\/nikolastevanovicphotography.com\/\"]}]}<\/script>\n<!-- \/ Yoast SEO plugin. -->","yoast_head_json":{"title":"About me - Nikola Stevanovic Wildlife Photography","description":"Learn about Nikola Stevanovic, a passionate wildlife photographer dedicated to capturing breathtaking images of animals in their natural habitats. Explore the story behind the lens and his journey into wildlife photography.","robots":{"index":"index","follow":"follow","max-snippet":"max-snippet:-1","max-image-preview":"max-image-preview:large","max-video-preview":"max-video-preview:-1"},"canonical":"https:\/\/nikolastevanovicphotography.com\/sr\/about-me\/","og_locale":"sr_RS","og_type":"article","og_title":"About me - Nikola Stevanovic Wildlife Photography","og_description":"Learn about Nikola Stevanovic, a passionate wildlife photographer dedicated to capturing breathtaking images of animals in their natural habitats. Explore the story behind the lens and his journey into wildlife photography.","og_url":"https:\/\/nikolastevanovicphotography.com\/sr\/about-me\/","og_site_name":"Nikola Stevanovic Wildlife Photography","article_modified_time":"2024-12-09T22:14:23+00:00","twitter_card":"summary_large_image","twitter_misc":{"\u041f\u0440\u043e\u0446\u0435\u045a\u0435\u043d\u043e \u0432\u0440\u0435\u043c\u0435 \u0447\u0438\u0442\u0430\u045a\u0430":"3 \u043c\u0438\u043d\u0443\u0442\u0430"},"schema":{"@context":"https:\/\/schema.org","@graph":[{"@type":"WebPage","@id":"https:\/\/nikolastevanovicphotography.com\/about-me\/","url":"https:\/\/nikolastevanovicphotography.com\/about-me\/","name":"About me - Nikola Stevanovic Wildlife Photography","isPartOf":{"@id":"https:\/\/nikolastevanovicphotography.com\/#website"},"datePublished":"2017-09-18T10:46:12+00:00","dateModified":"2024-12-09T22:14:23+00:00","description":"Learn about Nikola Stevanovic, a passionate wildlife photographer dedicated to capturing breathtaking images of animals in their natural habitats. Explore the story behind the lens and his journey into wildlife photography.","inLanguage":"sr-RS","potentialAction":[{"@type":"ReadAction","target":["https:\/\/nikolastevanovicphotography.com\/about-me\/"]}]},{"@type":"WebSite","@id":"https:\/\/nikolastevanovicphotography.com\/#website","url":"https:\/\/nikolastevanovicphotography.com\/","name":"Nikola Stevanovic Photography","description":"Wildlife photographer based in Serbia. Browse the wildlife photography galleries and read the stories of the wild on my blog.","publisher":{"@id":"https:\/\/nikolastevanovicphotography.com\/#\/schema\/person\/bb8dbcf16df6895b3052ad226e2c36ae"},"potentialAction":[{"@type":"SearchAction","target":{"@type":"EntryPoint","urlTemplate":"https:\/\/nikolastevanovicphotography.com\/?s={search_term_string}"},"query-input":"required name=search_term_string"}],"inLanguage":"sr-RS"},{"@type":["Person","Organization"],"@id":"https:\/\/nikolastevanovicphotography.com\/#\/schema\/person\/bb8dbcf16df6895b3052ad226e2c36ae","name":"admin","image":{"@type":"ImageObject","inLanguage":"sr-RS","@id":"https:\/\/nikolastevanovicphotography.com\/#\/schema\/person\/image\/","url":"https:\/\/nikolastevanovicphotography.com\/wp-content\/uploads\/2024\/04\/nikolastevanovic-logo.png","contentUrl":"https:\/\/nikolastevanovicphotography.com\/wp-content\/uploads\/2024\/04\/nikolastevanovic-logo.png","width":512,"height":512,"caption":"admin"},"logo":{"@id":"https:\/\/nikolastevanovicphotography.com\/#\/schema\/person\/image\/"},"sameAs":["https:\/\/nikolastevanovicphotography.com\/"]}]}},"_links":{"self":[{"href":"https:\/\/nikolastevanovicphotography.com\/sr\/wp-json\/wp\/v2\/pages\/705","targetHints":{"allow":["GET"]}}],"collection":[{"href":"https:\/\/nikolastevanovicphotography.com\/sr\/wp-json\/wp\/v2\/pages"}],"about":[{"href":"https:\/\/nikolastevanovicphotography.com\/sr\/wp-json\/wp\/v2\/types\/page"}],"author":[{"embeddable":true,"href":"https:\/\/nikolastevanovicphotography.com\/sr\/wp-json\/wp\/v2\/users\/1"}],"replies":[{"embeddable":true,"href":"https:\/\/nikolastevanovicphotography.com\/sr\/wp-json\/wp\/v2\/comments?post=705"}],"version-history":[{"count":34,"href":"https:\/\/nikolastevanovicphotography.com\/sr\/wp-json\/wp\/v2\/pages\/705\/revisions"}],"predecessor-version":[{"id":4575,"href":"https:\/\/nikolastevanovicphotography.com\/sr\/wp-json\/wp\/v2\/pages\/705\/revisions\/4575"}],"wp:attachment":[{"href":"https:\/\/nikolastevanovicphotography.com\/sr\/wp-json\/wp\/v2\/media?parent=705"}],"curies":[{"name":"wp","href":"https:\/\/api.w.org\/{rel}","templated":true}]}}